{"id":298595,"date":"2024-09-20T10:42:00","date_gmt":"2024-09-20T08:42:00","guid":{"rendered":"https:\/\/stage.busysunday.dk\/?page_id=298595"},"modified":"2025-04-24T12:45:40","modified_gmt":"2025-04-24T10:45:40","slug":"features","status":"publish","type":"page","link":"https:\/\/busysunday.dk\/da\/features\/","title":{"rendered":"Features"},"content":{"rendered":"<section class=\"gb-container gb-container-fdbd6300\" id=\"Bigdata\">\n<div class=\"gb-container gb-container-d653cc98\">\n<div class=\"gb-container gb-container-c1544595\">\n\n<h6 class=\"gb-headline gb-headline-b526b385\"><span class=\"gb-icon\"><svg viewBox=\"0 0 80 42\" xmlns=\"http:\/\/www.w3.org\/2000\/svg\" data-name=\"subtract\"><path d=\"M0 20.06h80v1.87H0z\"><\/path><\/svg><\/span><span class=\"gb-headline-text\">Features<\/span><\/h6>\n\n\n\n<h1 class=\"gb-headline gb-headline-a14ed650 gb-headline-text\">Styrk din ejendomsekspertise<\/h1>\n\n\n\n<p class=\"has-white-color has-text-color\">Vores platform analyserer millioner af datapunkter for at hj\u00e6lpe dig med at levere de mest pr\u00e6cise ejendomsvurderinger. Spar 93% af tiden p\u00e5 forberedelse med uvurderlige data leveret p\u00e5 f\u00e5 sekunder.<\/p>\n\n\n\n<p class=\"has-white-color has-text-color\">Vi assisterer ejendomsm\u00e6glere med data, der underst\u00f8tter deres erfaring og ekspertise. Med blot \u00e9t klik analyserer vi 1 million datapunkter, hvilket giver m\u00e6glere det bedste grundlag for at tilbyde husejere pr\u00e6cise vurderinger. <\/p>\n\n\n\n<p class=\"has-white-color has-text-color\">Dette f\u00f8rer til hurtigere salg, forbedrede kundeoplevelser og \u00f8get rentabilitet.<\/p>\n\n<\/div>\n\n<div class=\"gb-container gb-container-b910f0a6\">\n\n<figure data-wp-context=\"{&quot;imageId&quot;:&quot;69d53ac7bbb63&quot;}\" data-wp-interactive=\"core\/image\" data-wp-key=\"69d53ac7bbb63\" class=\"wp-block-image size-full is-resized is-style-default wp-lightbox-container\"><img loading=\"lazy\" decoding=\"async\" width=\"1343\" height=\"852\" data-wp-class--hide=\"state.isContentHidden\" data-wp-class--show=\"state.isContentVisible\" data-wp-init=\"callbacks.setButtonStyles\" data-wp-on--click=\"actions.showLightbox\" data-wp-on--load=\"callbacks.setButtonStyles\" data-wp-on-window--resize=\"callbacks.setButtonStyles\" src=\"https:\/\/busysunday.dk\/wp-content\/uploads\/2024\/09\/Design-uden-navn-2.png\" alt=\"\" class=\"wp-image-298597\" style=\"width:512px;height:auto\" srcset=\"https:\/\/busysunday.dk\/wp-content\/uploads\/2024\/09\/Design-uden-navn-2.png 1343w, https:\/\/busysunday.dk\/wp-content\/uploads\/2024\/09\/Design-uden-navn-2-480x305.png 480w, https:\/\/busysunday.dk\/wp-content\/uploads\/2024\/09\/Design-uden-navn-2-1024x650.png 1024w, https:\/\/busysunday.dk\/wp-content\/uploads\/2024\/09\/Design-uden-navn-2-768x487.png 768w, https:\/\/busysunday.dk\/wp-content\/uploads\/2024\/09\/Design-uden-navn-2-18x12.png 18w, https:\/\/busysunday.dk\/wp-content\/uploads\/2024\/09\/Design-uden-navn-2-750x476.png 750w\" sizes=\"auto, (max-width: 1343px) 100vw, 1343px\" \/><button\n\t\t\tclass=\"lightbox-trigger\"\n\t\t\ttype=\"button\"\n\t\t\taria-haspopup=\"dialog\"\n\t\t\taria-label=\"Forst\u00f8r\"\n\t\t\tdata-wp-init=\"callbacks.initTriggerButton\"\n\t\t\tdata-wp-on--click=\"actions.showLightbox\"\n\t\t\tdata-wp-style--right=\"state.imageButtonRight\"\n\t\t\tdata-wp-style--top=\"state.imageButtonTop\"\n\t\t>\n\t\t\t<svg xmlns=\"http:\/\/www.w3.org\/2000\/svg\" width=\"12\" height=\"12\" fill=\"none\" viewBox=\"0 0 12 12\">\n\t\t\t\t<path fill=\"#fff\" d=\"M2 0a2 2 0 0 0-2 2v2h1.5V2a.5.5 0 0 1 .5-.5h2V0H2Zm2 10.5H2a.5.5 0 0 1-.5-.5V8H0v2a2 2 0 0 0 2 2h2v-1.5ZM8 12v-1.5h2a.5.5 0 0 0 .5-.5V8H12v2a2 2 0 0 1-2 2H8Zm2-12a2 2 0 0 1 2 2v2h-1.5V2a.5.5 0 0 0-.5-.5H8V0h2Z\" \/>\n\t\t\t<\/svg>\n\t\t<\/button><\/figure>\n\n<\/div>\n<\/div>\n<div class=\"gb-shapes\"><div class=\"gb-shape gb-shape-1\"><svg xmlns=\"http:\/\/www.w3.org\/2000\/svg\" viewBox=\"0 0 1200 230.8\" preserveAspectRatio=\"none\"><path d=\"M1200 179.5l-22.2-26.7c-22.2-26.7-66.9-80-111.1-75.6-44.4 4.8-89.2 66.4-133.3 102.2-44.4 35.8-89.2 44.2-133.3 8.9-44.4-35.6-89.2-115.6-133.3-155.6-44.4-40-89.2-40-133.3-17.8C488.9 37 444.2 82 400 81.7c-44.4.2-89.2-44.8-133.3-57.8-44.4-13.6-89.2 4.8-133.3 26.7-44.5 22.2-89.2 48.9-110.9 62.2L0 126.1v104.7H1199.7l.3-51.3z\"\/><\/svg><\/div><\/div><\/section>\n\n<section class=\"gb-container gb-container-5f2b947d\" id=\"ai\">\n<div class=\"gb-container gb-container-a955004c\">\n\n<figure class=\"gb-block-image gb-block-image-fa905e37\"><img loading=\"lazy\" decoding=\"async\" width=\"689\" height=\"439\" class=\"gb-image gb-image-fa905e37\" src=\"https:\/\/busysunday.dk\/wp-content\/uploads\/2025\/04\/salg-med-forward-prediction-code.png\" alt=\"\" title=\"salg med forward prediction code\" srcset=\"https:\/\/busysunday.dk\/wp-content\/uploads\/2025\/04\/salg-med-forward-prediction-code.png 689w, https:\/\/busysunday.dk\/wp-content\/uploads\/2025\/04\/salg-med-forward-prediction-code-480x306.png 480w, https:\/\/busysunday.dk\/wp-content\/uploads\/2025\/04\/salg-med-forward-prediction-code-18x12.png 18w\" sizes=\"auto, (max-width: 689px) 100vw, 689px\" \/><\/figure>\n\n<\/div>\n\n<div class=\"gb-container gb-container-31111a3b\">\n\n<h2 class=\"gb-headline gb-headline-42ddb2c0 gb-headline-text\">\u00d8g dine salg med kunstig intelligens<\/h2>\n\n\n\n<p class=\"gb-headline gb-headline-04f1ea76 gb-headline-text\">Vores platform integrerer kunstig intelligens og giver dig en r\u00e6kke AI-v\u00e6rkt\u00f8jer lige ved h\u00e5nden. Disse v\u00e6rkt\u00f8jer tilbyder v\u00e6rdifuld indsigt i markedet, k\u00f8bere og s\u00e6lgere samt kritisk information om potentielle indvendinger fra k\u00f8bere.<br><\/p>\n\n\n\n<p>Desuden hj\u00e6lper vores forudsigelsesmodel med at identificere husejere, der overvejer at s\u00e6lge, hvilket giver dig en strategisk fordel.<\/p>\n\n<\/div>\n<\/section>\n\n<section class=\"gb-container gb-container-ab61eba2\" id=\"k\u00f8ber\">\n<div class=\"gb-container gb-container-f534c440\">\n\n<h2 class=\"gb-headline gb-headline-8a851ae9 gb-headline-text\">Styrk dine salgsindsatser: Spor og analyser k\u00f8bernes oprindelse for forbedret m\u00e5lretning<\/h2>\n\n\n\n<p class=\"gb-headline gb-headline-d2e06ed2 gb-headline-text\">Vores platform tilbyder kraftfulde funktioner, der indsamler omfattende data om, hvor dine k\u00f8bere kommer fra. Dette betyder, at du nemt kan finde ud af dine potentielle kunders geografiske oprindelse. Derudover hj\u00e6lper vores system dig med at identificere potentielle indvendinger, som k\u00f8bere kan have, hvilket giver dig en strategisk fordel.<br><br>Med denne indsigt kan du tilpasse din tilgang for bedre at im\u00f8deg\u00e5 k\u00f8bernes bekymringer og optimere din salgsstrategi effektivt.<\/p>\n\n<\/div>\n\n<div class=\"gb-container gb-container-18a65786\">\n\n<figure class=\"gb-block-image gb-block-image-2f8e8418\"><img loading=\"lazy\" decoding=\"async\" width=\"1920\" height=\"1080\" class=\"gb-image gb-image-2f8e8418\" src=\"https:\/\/busysunday.dk\/wp-content\/uploads\/2024\/08\/Design-uden-navn-9.png\" alt=\"\" title=\"Design uden navn (9)\" srcset=\"https:\/\/busysunday.dk\/wp-content\/uploads\/2024\/08\/Design-uden-navn-9.png 1920w, https:\/\/busysunday.dk\/wp-content\/uploads\/2024\/08\/Design-uden-navn-9-480x270.png 480w, https:\/\/busysunday.dk\/wp-content\/uploads\/2024\/08\/Design-uden-navn-9-1024x576.png 1024w, https:\/\/busysunday.dk\/wp-content\/uploads\/2024\/08\/Design-uden-navn-9-768x432.png 768w, https:\/\/busysunday.dk\/wp-content\/uploads\/2024\/08\/Design-uden-navn-9-1536x864.png 1536w, https:\/\/busysunday.dk\/wp-content\/uploads\/2024\/08\/Design-uden-navn-9-18x10.png 18w, https:\/\/busysunday.dk\/wp-content\/uploads\/2024\/08\/Design-uden-navn-9-750x422.png 750w\" sizes=\"auto, (max-width: 1920px) 100vw, 1920px\" \/><\/figure>\n\n<\/div>\n<\/section>\n\n<section class=\"gb-container gb-container-76aca49a\" id=\"sneakpeak\">\n<div class=\"gb-container gb-container-5f42035f\">\n\n<figure class=\"gb-block-image gb-block-image-20fb4182\"><img loading=\"lazy\" decoding=\"async\" width=\"1920\" height=\"1080\" class=\"gb-image gb-image-20fb4182\" src=\"https:\/\/busysunday.dk\/wp-content\/uploads\/2024\/09\/Design-uden-navn-6.png\" alt=\"\" title=\"Design-uden-navn-6\" srcset=\"https:\/\/busysunday.dk\/wp-content\/uploads\/2024\/09\/Design-uden-navn-6.png 1920w, https:\/\/busysunday.dk\/wp-content\/uploads\/2024\/09\/Design-uden-navn-6-480x270.png 480w, https:\/\/busysunday.dk\/wp-content\/uploads\/2024\/09\/Design-uden-navn-6-1024x576.png 1024w, https:\/\/busysunday.dk\/wp-content\/uploads\/2024\/09\/Design-uden-navn-6-768x432.png 768w, https:\/\/busysunday.dk\/wp-content\/uploads\/2024\/09\/Design-uden-navn-6-1536x864.png 1536w, https:\/\/busysunday.dk\/wp-content\/uploads\/2024\/09\/Design-uden-navn-6-18x10.png 18w, https:\/\/busysunday.dk\/wp-content\/uploads\/2024\/09\/Design-uden-navn-6-750x422.png 750w\" sizes=\"auto, (max-width: 1920px) 100vw, 1920px\" \/><\/figure>\n\n<\/div>\n\n<div class=\"gb-container gb-container-30d596f5\">\n\n<h2 class=\"gb-headline gb-headline-cf39361f gb-headline-text\">Transform\u00e9r din tilgang: \u00d8jeblikkelige SneakPeaks for at komme online p\u00e5 f\u00e5 minutter<\/h2>\n\n\n\n<p class=\"gb-headline gb-headline-c04bfd98 gb-headline-text\">Vores SneakPeaks-funktion g\u00f8r det muligt for dig at komme online p\u00e5 blot f\u00e5 minutter. Upload billeder af ejendommen, og vores system vil automatisk generere engagerende tekst for dig. Du modtager et klar-til-deling link, komplet med en direkte CTA-knap.<br><br>Vis ikke kun ejendommen, men ogs\u00e5 detaljer om lokale faciliteter, fritidsaktiviteter, byens historie og meget mere. Forbind ubesv\u00e6ret med potentielle k\u00f8bere ved at dele en omfattende og tiltalende oversigt p\u00e5 sociale medier.<\/p>\n\n<\/div>\n<\/section>\n\n<section class=\"gb-container gb-container-bca0231d\" id=\"flyer\">\n<div class=\"gb-container gb-container-f9b7c33e\">\n\n<h2 class=\"gb-headline gb-headline-93d4124e gb-headline-text\">Revolution\u00e9r din markedsf\u00f8ring: H\u00f8jimpact-flyers for maksimal effekt<\/h2>\n\n\n\n<p class=\"gb-headline gb-headline-779f8a15 gb-headline-text\">Vores flyersystem er et af de mest detaljerede og pr\u00e6cise v\u00e6rkt\u00f8jer p\u00e5 markedet. Det giver dig mulighed for at filtrere og forfine din m\u00e5lretning ned til specifikationer som alder, bygg\u00e5r, periode, salgsdato, kvadratmeter, antal v\u00e6relser, postnummer og ejendomstype.<\/p>\n\n\n\n<p>Denne detaljeringsgrad sikrer, at dine flyers n\u00e5r den rette m\u00e5lgruppe med en uovertruffen pr\u00e6cision.<\/p>\n\n<\/div>\n\n<div class=\"gb-container gb-container-d64c6ac3\">\n\n<figure class=\"gb-block-image gb-block-image-70eb98a2\"><img loading=\"lazy\" decoding=\"async\" width=\"960\" height=\"540\" class=\"gb-image gb-image-70eb98a2\" src=\"https:\/\/busysunday.dk\/wp-content\/uploads\/2024\/08\/image-5.png\" alt=\"\" title=\"image 5\" srcset=\"https:\/\/busysunday.dk\/wp-content\/uploads\/2024\/08\/image-5.png 960w, https:\/\/busysunday.dk\/wp-content\/uploads\/2024\/08\/image-5-480x270.png 480w, https:\/\/busysunday.dk\/wp-content\/uploads\/2024\/08\/image-5-768x432.png 768w, https:\/\/busysunday.dk\/wp-content\/uploads\/2024\/08\/image-5-18x10.png 18w, https:\/\/busysunday.dk\/wp-content\/uploads\/2024\/08\/image-5-750x422.png 750w\" sizes=\"auto, (max-width: 960px) 100vw, 960px\" \/><\/figure>\n\n<\/div>\n<\/section>","protected":false},"excerpt":{"rendered":"<p>Features Styrk din ejendomsekspertise Vores platform analyserer millioner af datapunkter for at hj\u00e6lpe dig med at levere de mest pr\u00e6cise ejendomsvurderinger. Spar 93% af tiden p\u00e5 forberedelse med uvurderlige data leveret p\u00e5 f\u00e5 sekunder. Vi assisterer ejendomsm\u00e6glere med data, der underst\u00f8tter deres erfaring og ekspertise. Med blot \u00e9t klik analyserer vi 1 million datapunkter, hvilket &#8230; <a title=\"Features\" class=\"read-more\" href=\"https:\/\/busysunday.dk\/da\/features\/\" aria-label=\"Read more about Features\">L\u00e6s Mere<\/a><\/p>\n","protected":false},"author":458,"featured_media":0,"parent":0,"menu_order":0,"comment_status":"closed","ping_status":"closed","template":"","meta":{"_acf_changed":false,"footnotes":""},"class_list":["post-298595","page","type-page","status-publish"],"acf":[],"_links":{"self":[{"href":"https:\/\/busysunday.dk\/da\/wp-json\/wp\/v2\/pages\/298595","targetHints":{"allow":["GET"]}}],"collection":[{"href":"https:\/\/busysunday.dk\/da\/wp-json\/wp\/v2\/pages"}],"about":[{"href":"https:\/\/busysunday.dk\/da\/wp-json\/wp\/v2\/types\/page"}],"author":[{"embeddable":true,"href":"https:\/\/busysunday.dk\/da\/wp-json\/wp\/v2\/users\/458"}],"replies":[{"embeddable":true,"href":"https:\/\/busysunday.dk\/da\/wp-json\/wp\/v2\/comments?post=298595"}],"version-history":[{"count":0,"href":"https:\/\/busysunday.dk\/da\/wp-json\/wp\/v2\/pages\/298595\/revisions"}],"wp:attachment":[{"href":"https:\/\/busysunday.dk\/da\/wp-json\/wp\/v2\/media?parent=298595"}],"curies":[{"name":"wp","href":"https:\/\/api.w.org\/{rel}","templated":true}]}}