{"id":94136,"date":"2023-04-24T12:53:43","date_gmt":"2023-04-24T10:53:43","guid":{"rendered":"https:\/\/busysunday.dk\/?page_id=94136"},"modified":"2024-03-20T11:30:37","modified_gmt":"2024-03-20T10:30:37","slug":"flyers","status":"publish","type":"page","link":"https:\/\/busysunday.dk\/en\/flyers\/","title":{"rendered":"Targeted letters"},"content":{"rendered":"<h2 class=\"wp-block-heading\"><strong>Personal search and attack letters made within 2 min.<\/strong><\/h2>\n\n\n<div class=\"gb-grid-wrapper gb-grid-wrapper-768d09cc\">\n<div class=\"gb-grid-column gb-grid-column-05ec6821\"><div class=\"gb-container gb-container-05ec6821\">\n\n<div class=\"wp-block-media-text alignwide is-stacked-on-mobile\" style=\"grid-template-columns:49% auto\"><figure class=\"wp-block-media-text__media\"><img loading=\"lazy\" decoding=\"async\" width=\"1024\" height=\"768\" src=\"https:\/\/busysunday.dk\/wp-content\/uploads\/2023\/04\/mockup-of-two-letterheads-overlapping-on-a-plain-backdrop-352-el-1024x768.png\" alt=\"\" class=\"wp-image-94137 size-full\" srcset=\"https:\/\/busysunday.dk\/wp-content\/uploads\/2023\/04\/mockup-of-two-letterheads-overlapping-on-a-plain-backdrop-352-el-1024x768.png 1024w, https:\/\/busysunday.dk\/wp-content\/uploads\/2023\/04\/mockup-of-two-letterheads-overlapping-on-a-plain-backdrop-352-el-480x360.png 480w, https:\/\/busysunday.dk\/wp-content\/uploads\/2023\/04\/mockup-of-two-letterheads-overlapping-on-a-plain-backdrop-352-el-768x576.png 768w, https:\/\/busysunday.dk\/wp-content\/uploads\/2023\/04\/mockup-of-two-letterheads-overlapping-on-a-plain-backdrop-352-el-1536x1152.png 1536w, https:\/\/busysunday.dk\/wp-content\/uploads\/2023\/04\/mockup-of-two-letterheads-overlapping-on-a-plain-backdrop-352-el-750x563.png 750w, https:\/\/busysunday.dk\/wp-content\/uploads\/2023\/04\/mockup-of-two-letterheads-overlapping-on-a-plain-backdrop-352-el.png 1920w\" sizes=\"auto, (max-width: 1024px) 100vw, 1024px\" \/><\/figure><div class=\"wp-block-media-text__content\">\n<h3 class=\"wp-block-heading\">Targeted letters still work<\/h3>\n\n\n\n<p><em>especially<\/em> if they are made addressed directly to the recipient. <\/p>\n\n\n\n<p>BusySunday\u00b4s flyerssystem har to muligheder<\/p>\n\n\n\n<ul class=\"wp-block-list\">\n<li><strong>Search letters, on behalf of a buyer<\/strong>, p\u00e5 baggrund af k\u00f8ber\u00f8nsker<\/li>\n\n\n\n<li><strong>Attack letters - \"steal\" the listing from another agent<\/strong><\/li>\n<\/ul>\n\n\n\n<p>Letters are made with the owners home adresse<\/p>\n\n\n\n<p><\/p>\n\n\n\n<p><\/p>\n\n\n\n<p><\/p>\n<\/div><\/div>\n\n<\/div><\/div>\n<\/div>\n\n<div class=\"gb-grid-wrapper gb-grid-wrapper-4bd5839a\">\n<div class=\"gb-grid-column gb-grid-column-f6193eff\"><div class=\"gb-container gb-container-f6193eff\">\n\n<h4 class=\"wp-block-heading\"><strong>Search letters, on behalf of a buyer<\/strong><\/h4>\n\n\n\n<p>If you have a buyer ready, you can very quickly and easily find homes that match&nbsp;<\/p>\n\n\n\n<p>Based on the buyer's wishes, the total number of homes is automatically sorted out, so that in the end you only have those that exactly match, in terms of price, m2., rooms.<\/p>\n\n\n\n<p>If there are any that you see do not match, you can simply remove them from your list.<\/p>\n\n\n\n<p>And <strong>yes<\/strong>, you can search by price, as we automatically provide a preliminary assessment of all homes, based on the previous purchase price.<\/p>\n\n<\/div><\/div>\n\n<div class=\"gb-grid-column gb-grid-column-95866d0c\"><div class=\"gb-container gb-container-95866d0c\"><\/div><\/div>\n<\/div>\n\n\n<div style=\"height:80px\" aria-hidden=\"true\" class=\"wp-block-spacer\"><\/div>\n\n\n<div class=\"gb-grid-wrapper gb-grid-wrapper-3b313863\">\n<div class=\"gb-grid-column gb-grid-column-a87a06d0\"><div class=\"gb-container gb-container-a87a06d0\">\n\n<h4 class=\"wp-block-heading has-text-align-left\"><strong>Attack letters - \"steal\" the listing from another agent<\/strong><\/h4>\n\n\n\n<p>Do you want to get hold of cases that are already listet for sale?<\/p>\n\n\n\n<p class=\"has-text-align-left\">You can now sort by length of current time for sale, type, m2. and price and then send out a letter offering your expertise. It is ultra easy to get an overview of lay times, and with a few clicks, flyers addressed to the owners have been created. <\/p>\n\n<\/div><\/div>\n\n<div class=\"gb-grid-column gb-grid-column-7dff62d1\"><div class=\"gb-container gb-container-7dff62d1\"><\/div><\/div>\n<\/div>\n\n\n<div style=\"height:60px\" aria-hidden=\"true\" class=\"wp-block-spacer\"><\/div>\n\n\n\n<h4 class=\"wp-block-heading\"><strong>Hand them in yourself or have them sent<\/strong><\/h4>\n\n\n\n<div class=\"wp-block-columns is-layout-flex wp-container-core-columns-is-layout-9d6595d7 wp-block-columns-is-layout-flex\">\n<div class=\"wp-block-column is-layout-flow wp-block-column-is-layout-flow\" style=\"flex-basis:100%\"><div class=\"gb-grid-wrapper gb-grid-wrapper-fb87cf7f\">\n<div class=\"gb-grid-column gb-grid-column-cfea796d\"><div class=\"gb-container gb-container-cfea796d\">\n<div class=\"gb-grid-wrapper gb-grid-wrapper-7bdd6fbb\">\n<div class=\"gb-grid-column gb-grid-column-5de72e27\"><div class=\"gb-container gb-container-5de72e27\">\n<div class=\"wp-block-image\">\n<figure class=\"alignright size-full\"><img loading=\"lazy\" decoding=\"async\" width=\"291\" height=\"216\" src=\"https:\/\/busysunday.dk\/wp-content\/uploads\/2023\/04\/Print.png\" alt=\"\" class=\"wp-image-94151\"\/><\/figure>\n<\/div>\n<\/div><\/div>\n\n<div class=\"gb-grid-column gb-grid-column-adeaf962\"><div class=\"gb-container gb-container-adeaf962\">\n<div class=\"wp-block-image\">\n<figure class=\"alignleft size-full\"><img loading=\"lazy\" decoding=\"async\" width=\"295\" height=\"223\" src=\"https:\/\/busysunday.dk\/wp-content\/uploads\/2023\/04\/PDF.png\" alt=\"\" class=\"wp-image-94152\"\/><\/figure>\n<\/div>\n<\/div><\/div>\n<\/div>\n<\/div><\/div>\n<\/div><\/div>\n<\/div>\n\n\n\n<p><\/p>\n\n\n<div class=\"gb-grid-wrapper gb-grid-wrapper-a2552909\">\n<div class=\"gb-grid-column gb-grid-column-68ddc9b2\"><div class=\"gb-container gb-container-68ddc9b2\">\n\n<h4 class=\"wp-block-heading has-text-align-center\"><strong>Print<\/strong><\/h4>\n\n\n\n<p class=\"has-text-align-center\">Once you have created a letter, you can very easily press print and they are ready in less than 30 seconds.<\/p>\n\n<\/div><\/div>\n\n<div class=\"gb-grid-column gb-grid-column-abfd7f2c\"><div class=\"gb-container gb-container-abfd7f2c\">\n\n<h4 class=\"wp-block-heading has-text-align-center\"><strong>Get it sent<\/strong><\/h4>\n\n\n\n<p class=\"has-text-align-center\">If you want the easy solution, simply press \"send out\", and the flyers will be packed and sent with postal agency<\/p>\n\n<\/div><\/div>\n<\/div>\n\n\n<div style=\"height:60px\" aria-hidden=\"true\" class=\"wp-block-spacer\"><\/div>\n\n\n\n<h4 class=\"wp-block-heading\"><strong>Why \"shoot\" toward all, when you can use a sniper rifle?<\/strong><\/h4>\n\n\n\n<p>You can just print those that match your search. Whether it applies to letters of attack<br>cases that have been for sale for between 5 &amp; 7 months, or only 2 years. apartments on a single road, then you can quickly specify exactly who you want to hit<\/p>\n\n\n\n<div style=\"height:50px\" aria-hidden=\"true\" class=\"wp-block-spacer\"><\/div>\n\n\n\n<h4 class=\"wp-block-heading\"><strong>-<\/strong><\/h4>\n\n\n\n<p>-<\/p>\n\n\n\n<a class=\"gb-button gb-button-37b52141\" href=\"https:\/\/busysunday.dk\/en\/kontakt-os\/\" target=\"_blank\" rel=\"noopener noreferrer\"><span class=\"gb-icon\"><svg viewbox=\"0 0 512 512\" xmlns=\"http:\/\/www.w3.org\/2000\/svg\"><path d=\"M217.9 105.9L340.7 228.7c7.2 7.2 11.3 17.1 11.3 27.3s-4.1 20.1-11.3 27.3L217.9 406.1c-6.4 6.4-15 9.9-24 9.9c-18.7 0-33.9-15.2-33.9-33.9l0-62.1L32 320c-17.7 0-32-14.3-32-32l0-64c0-17.7 14.3-32 32-32l128 0 0-62.1c0-18.7 15.2-33.9 33.9-33.9c9 0 17.6 3.6 24 9.9zM352 416l64 0c17.7 0 32-14.3 32-32l0-256c0-17.7-14.3-32-32-32l-64 0c-17.7 0-32-14.3-32-32s14.3-32 32-32l64 0c53 0 96 43 96 96l0 256c0 53-43 96-96 96l-64 0c-17.7 0-32-14.3-32-32s14.3-32 32-32z\"><\/path><\/svg><\/span><span class=\"gb-button-text\">Book a demo<\/span><\/a>","protected":false},"excerpt":{"rendered":"<p>Personlige s\u00f8ge- og angrebsflyers p\u00e5 2 min. Aflev\u00e9r dem selv, eller f\u00e5 dem sendt ud Hvorfor skyde med spredehagl, n\u00e5r du kan bruge sniper riffel? Du kan n\u00f8jes med at printe lige pr\u00e6cis dem der matcher din s\u00f8gning. Om det g\u00e6lder angrebsbreve tilsager som har v\u00e6ret til salg i mellem 5 &amp; 7 mdr., eller &#8230; <a title=\"Targeted letters\" class=\"read-more\" href=\"https:\/\/busysunday.dk\/en\/flyers\/\" aria-label=\"Read more about Flyers\">Read more<\/a><\/p>","protected":false},"author":72,"featured_media":0,"parent":0,"menu_order":0,"comment_status":"closed","ping_status":"closed","template":"","meta":{"_acf_changed":false,"footnotes":""},"class_list":["post-94136","page","type-page","status-publish"],"acf":[],"_links":{"self":[{"href":"https:\/\/busysunday.dk\/en\/wp-json\/wp\/v2\/pages\/94136","targetHints":{"allow":["GET"]}}],"collection":[{"href":"https:\/\/busysunday.dk\/en\/wp-json\/wp\/v2\/pages"}],"about":[{"href":"https:\/\/busysunday.dk\/en\/wp-json\/wp\/v2\/types\/page"}],"author":[{"embeddable":true,"href":"https:\/\/busysunday.dk\/en\/wp-json\/wp\/v2\/users\/72"}],"replies":[{"embeddable":true,"href":"https:\/\/busysunday.dk\/en\/wp-json\/wp\/v2\/comments?post=94136"}],"version-history":[{"count":0,"href":"https:\/\/busysunday.dk\/en\/wp-json\/wp\/v2\/pages\/94136\/revisions"}],"wp:attachment":[{"href":"https:\/\/busysunday.dk\/en\/wp-json\/wp\/v2\/media?parent=94136"}],"curies":[{"name":"wp","href":"https:\/\/api.w.org\/{rel}","templated":true}]}}